{"id":9038,"date":"2026-01-29T13:48:06","date_gmt":"2026-01-29T13:48:06","guid":{"rendered":"https:\/\/daniad.design\/?post_type=product&#038;p=9038"},"modified":"2026-01-29T13:48:42","modified_gmt":"2026-01-29T13:48:42","slug":"plexi-trays","status":"publish","type":"product","link":"https:\/\/daniad.design\/ar_sy\/product\/plexi-trays\/","title":{"rendered":"\u0635\u0648\u0627\u0646\u064d \u0645\u0635\u0646\u0648\u0639\u0629 \u0645\u0646 \u0627\u0644\u0628\u0644\u0627\u0643\u0633\u064a (\u0627\u0644\u0623\u0643\u0631\u064a\u0644\u064a\u0643)"},"content":{"rendered":"","protected":false},"excerpt":{"rendered":"<p>Plexi and wooden handles with mother-of-pearl.<\/p>\n<p><strong data-start=\"1199\" data-end=\"1214\"><br \/>\nDimensions:<br \/>\nLarge:<\/strong> 37 \u00d7 34 cm <strong>\u0627\u0644\u0633\u0639\u0631:<\/strong> 90$<br \/>\n<strong>Medium:<\/strong> 30 \u00d7 33 cm <strong>\u0627\u0644\u0633\u0639\u0631:<\/strong> 75$<br \/>\n<strong>small:<\/strong> 30 \u00d7 20 cm <strong>\u0627\u0644\u0633\u0639\u0631:<\/strong> 60$<\/p>","protected":false},"featured_media":9029,"comment_status":"open","ping_status":"closed","template":"","meta":{"_editorskit_title_hidden":false,"_editorskit_reading_time":0,"_editorskit_is_block_options_detached":false,"_editorskit_block_options_position":"{}","_crdt_document":"","inline_featured_image":false},"product_brand":[],"product_cat":[136],"product_tag":[],"class_list":{"0":"post-9038","1":"product","2":"type-product","3":"status-publish","4":"has-post-thumbnail","6":"product_cat-accessories","8":"first","9":"instock","10":"shipping-taxable","11":"purchasable","12":"product-type-simple"},"yoast_head":"<!-- This site is optimized with the Yoast SEO Premium plugin v21.9 (Yoast SEO v26.8) - https:\/\/yoast.com\/product\/yoast-seo-premium-wordpress\/ -->\n<title>Plexi Trays - daniad.designs<\/title>\n<meta name=\"robots\" content=\"index, follow, max-snippet:-1, max-image-preview:large, max-video-preview:-1\" \/>\n<link rel=\"canonical\" href=\"https:\/\/daniad.design\/ar_sy\/product\/plexi-trays\/\" \/>\n<meta property=\"og:locale\" content=\"ar_AR\" \/>\n<meta property=\"og:type\" content=\"article\" \/>\n<meta property=\"og:title\" content=\"Plexi Trays\" \/>\n<meta property=\"og:description\" content=\"Plexi and wooden handles with mother-of-pearl.   Dimensions: Large: 37 \u00d7 34 cm Price: 90$ Medium: 30 \u00d7 33 cm Price: 75$ small: 30 \u00d7 20 cm Price: 60$\" \/>\n<meta property=\"og:url\" content=\"https:\/\/daniad.design\/ar_sy\/product\/plexi-trays\/\" \/>\n<meta property=\"og:site_name\" content=\"daniad.designs\" \/>\n<meta property=\"article:modified_time\" content=\"2026-01-29T13:48:42+00:00\" \/>\n<meta property=\"og:image\" content=\"https:\/\/daniad.design\/wp-content\/uploads\/2026\/01\/WhatsApp-Image-2026-01-20-at-2.03.001-PM.jpeg\" \/>\n\t<meta property=\"og:image:width\" content=\"810\" \/>\n\t<meta property=\"og:image:height\" content=\"1080\" \/>\n\t<meta property=\"og:image:type\" content=\"image\/jpeg\" \/>\n<meta name=\"twitter:card\" content=\"summary_large_image\" \/>\n<meta name=\"twitter:label1\" content=\"\u0648\u0642\u062a \u0627\u0644\u0642\u0631\u0627\u0621\u0629 \u0627\u0644\u0645\u064f\u0642\u062f\u0651\u0631\" \/>\n\t<meta name=\"twitter:data1\" content=\"\u062f\u0642\u064a\u0642\u0629 \u0648\u0627\u062d\u062f\u0629\" \/>\n<script type=\"application\/ld+json\" class=\"yoast-schema-graph\">{\"@context\":\"https:\/\/schema.org\",\"@graph\":[{\"@type\":\"WebPage\",\"@id\":\"https:\/\/daniad.design\/product\/plexi-trays\/\",\"url\":\"https:\/\/daniad.design\/product\/plexi-trays\/\",\"name\":\"Plexi Trays - daniad.designs\",\"isPartOf\":{\"@id\":\"https:\/\/daniad.design\/#website\"},\"primaryImageOfPage\":{\"@id\":\"https:\/\/daniad.design\/product\/plexi-trays\/#primaryimage\"},\"image\":{\"@id\":\"https:\/\/daniad.design\/product\/plexi-trays\/#primaryimage\"},\"thumbnailUrl\":\"https:\/\/daniad.design\/wp-content\/uploads\/2026\/01\/WhatsApp-Image-2026-01-20-at-2.03.001-PM.jpeg\",\"datePublished\":\"2026-01-29T13:48:06+00:00\",\"dateModified\":\"2026-01-29T13:48:42+00:00\",\"breadcrumb\":{\"@id\":\"https:\/\/daniad.design\/product\/plexi-trays\/#breadcrumb\"},\"inLanguage\":\"ar\",\"potentialAction\":[{\"@type\":\"ReadAction\",\"target\":[\"https:\/\/daniad.design\/product\/plexi-trays\/\"]}]},{\"@type\":\"ImageObject\",\"inLanguage\":\"ar\",\"@id\":\"https:\/\/daniad.design\/product\/plexi-trays\/#primaryimage\",\"url\":\"https:\/\/daniad.design\/wp-content\/uploads\/2026\/01\/WhatsApp-Image-2026-01-20-at-2.03.001-PM.jpeg\",\"contentUrl\":\"https:\/\/daniad.design\/wp-content\/uploads\/2026\/01\/WhatsApp-Image-2026-01-20-at-2.03.001-PM.jpeg\",\"width\":810,\"height\":1080},{\"@type\":\"BreadcrumbList\",\"@id\":\"https:\/\/daniad.design\/product\/plexi-trays\/#breadcrumb\",\"itemListElement\":[{\"@type\":\"ListItem\",\"position\":1,\"name\":\"Home\",\"item\":\"https:\/\/daniad.design\/\"},{\"@type\":\"ListItem\",\"position\":2,\"name\":\"Shop\",\"item\":\"https:\/\/daniad.design\/shop\/\"},{\"@type\":\"ListItem\",\"position\":3,\"name\":\"Plexi Trays\"}]},{\"@type\":\"WebSite\",\"@id\":\"https:\/\/daniad.design\/#website\",\"url\":\"https:\/\/daniad.design\/\",\"name\":\"Dania D.Design\",\"description\":\"\",\"publisher\":{\"@id\":\"https:\/\/daniad.design\/#organization\"},\"potentialAction\":[{\"@type\":\"SearchAction\",\"target\":{\"@type\":\"EntryPoint\",\"urlTemplate\":\"https:\/\/daniad.design\/?s={search_term_string}\"},\"query-input\":{\"@type\":\"PropertyValueSpecification\",\"valueRequired\":true,\"valueName\":\"search_term_string\"}}],\"inLanguage\":\"ar\"},{\"@type\":\"Organization\",\"@id\":\"https:\/\/daniad.design\/#organization\",\"name\":\"Dania D. Design\",\"url\":\"https:\/\/daniad.design\/\",\"logo\":{\"@type\":\"ImageObject\",\"inLanguage\":\"ar\",\"@id\":\"https:\/\/daniad.design\/#\/schema\/logo\/image\/\",\"url\":\"https:\/\/daniad.design\/wp-content\/uploads\/2025\/10\/cropped-Artboard-103-black.png\",\"contentUrl\":\"https:\/\/daniad.design\/wp-content\/uploads\/2025\/10\/cropped-Artboard-103-black.png\",\"width\":512,\"height\":512,\"caption\":\"Dania D. Design\"},\"image\":{\"@id\":\"https:\/\/daniad.design\/#\/schema\/logo\/image\/\"},\"sameAs\":[\"https:\/\/www.instagram.com\/dania_d_designs\/\"]}]}<\/script>\n<!-- \/ Yoast SEO Premium plugin. -->","yoast_head_json":{"title":"Plexi Trays - daniad.designs","robots":{"index":"index","follow":"follow","max-snippet":"max-snippet:-1","max-image-preview":"max-image-preview:large","max-video-preview":"max-video-preview:-1"},"canonical":"https:\/\/daniad.design\/ar_sy\/product\/plexi-trays\/","og_locale":"ar_AR","og_type":"article","og_title":"Plexi Trays","og_description":"Plexi and wooden handles with mother-of-pearl.   Dimensions: Large: 37 \u00d7 34 cm Price: 90$ Medium: 30 \u00d7 33 cm Price: 75$ small: 30 \u00d7 20 cm Price: 60$","og_url":"https:\/\/daniad.design\/ar_sy\/product\/plexi-trays\/","og_site_name":"daniad.designs","article_modified_time":"2026-01-29T13:48:42+00:00","og_image":[{"width":810,"height":1080,"url":"https:\/\/daniad.design\/wp-content\/uploads\/2026\/01\/WhatsApp-Image-2026-01-20-at-2.03.001-PM.jpeg","type":"image\/jpeg"}],"twitter_card":"summary_large_image","twitter_misc":{"\u0648\u0642\u062a \u0627\u0644\u0642\u0631\u0627\u0621\u0629 \u0627\u0644\u0645\u064f\u0642\u062f\u0651\u0631":"\u062f\u0642\u064a\u0642\u0629 \u0648\u0627\u062d\u062f\u0629"},"schema":{"@context":"https:\/\/schema.org","@graph":[{"@type":"WebPage","@id":"https:\/\/daniad.design\/product\/plexi-trays\/","url":"https:\/\/daniad.design\/product\/plexi-trays\/","name":"Plexi Trays - daniad.designs","isPartOf":{"@id":"https:\/\/daniad.design\/#website"},"primaryImageOfPage":{"@id":"https:\/\/daniad.design\/product\/plexi-trays\/#primaryimage"},"image":{"@id":"https:\/\/daniad.design\/product\/plexi-trays\/#primaryimage"},"thumbnailUrl":"https:\/\/daniad.design\/wp-content\/uploads\/2026\/01\/WhatsApp-Image-2026-01-20-at-2.03.001-PM.jpeg","datePublished":"2026-01-29T13:48:06+00:00","dateModified":"2026-01-29T13:48:42+00:00","breadcrumb":{"@id":"https:\/\/daniad.design\/product\/plexi-trays\/#breadcrumb"},"inLanguage":"ar","potentialAction":[{"@type":"ReadAction","target":["https:\/\/daniad.design\/product\/plexi-trays\/"]}]},{"@type":"ImageObject","inLanguage":"ar","@id":"https:\/\/daniad.design\/product\/plexi-trays\/#primaryimage","url":"https:\/\/daniad.design\/wp-content\/uploads\/2026\/01\/WhatsApp-Image-2026-01-20-at-2.03.001-PM.jpeg","contentUrl":"https:\/\/daniad.design\/wp-content\/uploads\/2026\/01\/WhatsApp-Image-2026-01-20-at-2.03.001-PM.jpeg","width":810,"height":1080},{"@type":"BreadcrumbList","@id":"https:\/\/daniad.design\/product\/plexi-trays\/#breadcrumb","itemListElement":[{"@type":"ListItem","position":1,"name":"Home","item":"https:\/\/daniad.design\/"},{"@type":"ListItem","position":2,"name":"Shop","item":"https:\/\/daniad.design\/shop\/"},{"@type":"ListItem","position":3,"name":"Plexi Trays"}]},{"@type":"WebSite","@id":"https:\/\/daniad.design\/#website","url":"https:\/\/daniad.design\/","name":"Dania D.Design","description":"","publisher":{"@id":"https:\/\/daniad.design\/#organization"},"potentialAction":[{"@type":"SearchAction","target":{"@type":"EntryPoint","urlTemplate":"https:\/\/daniad.design\/?s={search_term_string}"},"query-input":{"@type":"PropertyValueSpecification","valueRequired":true,"valueName":"search_term_string"}}],"inLanguage":"ar"},{"@type":"Organization","@id":"https:\/\/daniad.design\/#organization","name":"Dania D. Design","url":"https:\/\/daniad.design\/","logo":{"@type":"ImageObject","inLanguage":"ar","@id":"https:\/\/daniad.design\/#\/schema\/logo\/image\/","url":"https:\/\/daniad.design\/wp-content\/uploads\/2025\/10\/cropped-Artboard-103-black.png","contentUrl":"https:\/\/daniad.design\/wp-content\/uploads\/2025\/10\/cropped-Artboard-103-black.png","width":512,"height":512,"caption":"Dania D. Design"},"image":{"@id":"https:\/\/daniad.design\/#\/schema\/logo\/image\/"},"sameAs":["https:\/\/www.instagram.com\/dania_d_designs\/"]}]}},"_links":{"self":[{"href":"https:\/\/daniad.design\/ar_sy\/wp-json\/wp\/v2\/product\/9038","targetHints":{"allow":["GET"]}}],"collection":[{"href":"https:\/\/daniad.design\/ar_sy\/wp-json\/wp\/v2\/product"}],"about":[{"href":"https:\/\/daniad.design\/ar_sy\/wp-json\/wp\/v2\/types\/product"}],"replies":[{"embeddable":true,"href":"https:\/\/daniad.design\/ar_sy\/wp-json\/wp\/v2\/comments?post=9038"}],"wp:featuredmedia":[{"embeddable":true,"href":"https:\/\/daniad.design\/ar_sy\/wp-json\/wp\/v2\/media\/9029"}],"wp:attachment":[{"href":"https:\/\/daniad.design\/ar_sy\/wp-json\/wp\/v2\/media?parent=9038"}],"wp:term":[{"taxonomy":"product_brand","embeddable":true,"href":"https:\/\/daniad.design\/ar_sy\/wp-json\/wp\/v2\/product_brand?post=9038"},{"taxonomy":"product_cat","embeddable":true,"href":"https:\/\/daniad.design\/ar_sy\/wp-json\/wp\/v2\/product_cat?post=9038"},{"taxonomy":"product_tag","embeddable":true,"href":"https:\/\/daniad.design\/ar_sy\/wp-json\/wp\/v2\/product_tag?post=9038"}],"curies":[{"name":"wp","href":"https:\/\/api.w.org\/{rel}","templated":true}]}}